{"id":148,"date":"2017-12-07T13:39:19","date_gmt":"2017-12-07T16:39:19","guid":{"rendered":"http:\/\/grinbank.com.ar\/gwd\/?page_id=148"},"modified":"2018-05-09T12:22:19","modified_gmt":"2018-05-09T15:22:19","slug":"diseno-grafico","status":"publish","type":"page","link":"https:\/\/grinbank.com.ar\/gwd\/","title":{"rendered":"Dise\u00f1o Gr\u00e1fico"},"content":{"rendered":"<h4><strong>Desde dise\u00f1o de logos, hasta el desarrollo de toda una imagen empresarial.<\/strong><\/h4>\n<div id=\"metaslider-id-37\" style=\"max-width: 1200px; margin: 0 auto;\" class=\"ml-slider-3-99-0 metaslider metaslider-flex metaslider-37 ml-slider ms-theme-default nav-hidden\" role=\"region\" aria-label=\"New Slider\" data-width=\"1200\">\n    <div id=\"metaslider_container_37\">\n        <div id=\"metaslider_37\">\n            <ul class='slides'>\n                <li style=\"display: block; width: 100%;\" class=\"slide-650 ms-image \" aria-roledescription=\"slide\" data-date=\"2021-09-22 12:15:09\"><img loading=\"lazy\" decoding=\"async\" src=\"https:\/\/grinbank.com.ar\/gwd\/wp-content\/uploads\/2021\/09\/slider1.jpg\" height=\"400\" width=\"1200\" alt=\"\" class=\"slider-37 slide-650 msDefaultImage\" title=\"slider1\" \/><\/li>\n                <li style=\"display: none; width: 100%;\" class=\"slide-651 ms-image \" aria-roledescription=\"slide\" data-date=\"2021-09-22 12:15:09\"><img loading=\"lazy\" decoding=\"async\" src=\"https:\/\/grinbank.com.ar\/gwd\/wp-content\/uploads\/2021\/09\/slider2.jpg\" height=\"400\" width=\"1200\" alt=\"\" class=\"slider-37 slide-651 msDefaultImage\" title=\"slider2\" \/><\/li>\n                <li style=\"display: none; width: 100%;\" class=\"slide-253 ms-image \" aria-roledescription=\"slide\" data-date=\"2018-05-09 12:01:08\"><img loading=\"lazy\" decoding=\"async\" src=\"https:\/\/grinbank.com.ar\/gwd\/wp-content\/uploads\/2018\/05\/CAPUSOTO.jpg\" height=\"400\" width=\"1200\" alt=\"\" class=\"slider-37 slide-253 msDefaultImage\" \/><\/li>\n                <li style=\"display: none; width: 100%;\" class=\"slide-254 ms-image \" aria-roledescription=\"slide\" data-date=\"2018-05-09 12:01:08\"><img loading=\"lazy\" decoding=\"async\" src=\"https:\/\/grinbank.com.ar\/gwd\/wp-content\/uploads\/2018\/05\/edificios.jpg\" height=\"400\" width=\"1200\" alt=\"\" class=\"slider-37 slide-254 msDefaultImage\" \/><\/li>\n                <li style=\"display: none; width: 100%;\" class=\"slide-255 ms-image \" aria-roledescription=\"slide\" data-date=\"2018-05-09 12:01:08\"><img loading=\"lazy\" decoding=\"async\" src=\"https:\/\/grinbank.com.ar\/gwd\/wp-content\/uploads\/2018\/05\/editorial.jpg\" height=\"400\" width=\"1200\" alt=\"\" class=\"slider-37 slide-255 msDefaultImage\" \/><\/li>\n                <li style=\"display: none; width: 100%;\" class=\"slide-256 ms-image \" aria-roledescription=\"slide\" data-date=\"2018-05-09 12:01:08\"><img loading=\"lazy\" decoding=\"async\" src=\"https:\/\/grinbank.com.ar\/gwd\/wp-content\/uploads\/2018\/05\/sistema2.jpg\" height=\"400\" width=\"1200\" alt=\"\" class=\"slider-37 slide-256 msDefaultImage\" \/><\/li>\n                <li style=\"display: none; width: 100%;\" class=\"slide-257 ms-image \" aria-roledescription=\"slide\" data-date=\"2018-05-09 12:02:20\"><img loading=\"lazy\" decoding=\"async\" src=\"https:\/\/grinbank.com.ar\/gwd\/wp-content\/uploads\/2018\/01\/logos2.jpg\" height=\"400\" width=\"1200\" alt=\"\" class=\"slider-37 slide-257 msDefaultImage\" \/><\/li>\n            <\/ul>\n        <\/div>\n        \n    <\/div>\n<\/div>\n","protected":false},"excerpt":{"rendered":"<p>Desde dise\u00f1o de logos, hasta el desarrollo de toda una imagen empresarial.<\/p>\n","protected":false},"author":1,"featured_media":0,"parent":216,"menu_order":0,"comment_status":"closed","ping_status":"closed","template":"","meta":{"ngg_post_thumbnail":0,"footnotes":""},"class_list":["post-148","page","type-page","status-publish","hentry"],"yoast_head":"<!-- This site is optimized with the Yoast SEO plugin v25.4 - https:\/\/yoast.com\/wordpress\/plugins\/seo\/ -->\n<title>Dise\u00f1o Gr\u00e1fico - Grinbank Dise\u00f1o<\/title>\n<meta name=\"robots\" content=\"index, follow, max-snippet:-1, max-image-preview:large, max-video-preview:-1\" \/>\n<link rel=\"canonical\" href=\"https:\/\/grinbank.com.ar\/gwd\/\" \/>\n<meta property=\"og:locale\" content=\"es_ES\" \/>\n<meta property=\"og:type\" content=\"article\" \/>\n<meta property=\"og:title\" content=\"Dise\u00f1o Gr\u00e1fico - Grinbank Dise\u00f1o\" \/>\n<meta property=\"og:description\" content=\"Desde dise\u00f1o de logos, hasta el desarrollo de toda una imagen empresarial.\" \/>\n<meta property=\"og:url\" content=\"https:\/\/grinbank.com.ar\/gwd\/\" \/>\n<meta property=\"og:site_name\" content=\"Grinbank Dise\u00f1o\" \/>\n<meta property=\"article:modified_time\" content=\"2018-05-09T15:22:19+00:00\" \/>\n<meta name=\"twitter:card\" content=\"summary_large_image\" \/>\n<script type=\"application\/ld+json\" class=\"yoast-schema-graph\">{\"@context\":\"https:\/\/schema.org\",\"@graph\":[{\"@type\":\"WebPage\",\"@id\":\"https:\/\/grinbank.com.ar\/gwd\/\",\"url\":\"https:\/\/grinbank.com.ar\/gwd\/\",\"name\":\"Dise\u00f1o Gr\u00e1fico - Grinbank Dise\u00f1o\",\"isPartOf\":{\"@id\":\"https:\/\/grinbank.com.ar\/gwd\/#website\"},\"datePublished\":\"2017-12-07T16:39:19+00:00\",\"dateModified\":\"2018-05-09T15:22:19+00:00\",\"breadcrumb\":{\"@id\":\"https:\/\/grinbank.com.ar\/gwd\/#breadcrumb\"},\"inLanguage\":\"es-AR\",\"potentialAction\":[{\"@type\":\"ReadAction\",\"target\":[\"https:\/\/grinbank.com.ar\/gwd\/\"]}]},{\"@type\":\"BreadcrumbList\",\"@id\":\"https:\/\/grinbank.com.ar\/gwd\/#breadcrumb\",\"itemListElement\":[{\"@type\":\"ListItem\",\"position\":1,\"name\":\"Inicio\",\"item\":\"https:\/\/grinbank.com.ar\/gwd\/\"},{\"@type\":\"ListItem\",\"position\":2,\"name\":\"Servicios\",\"item\":\"https:\/\/grinbank.com.ar\/gwd\/servicios\/\"},{\"@type\":\"ListItem\",\"position\":3,\"name\":\"Dise\u00f1o Gr\u00e1fico\"}]},{\"@type\":\"WebSite\",\"@id\":\"https:\/\/grinbank.com.ar\/gwd\/#website\",\"url\":\"https:\/\/grinbank.com.ar\/gwd\/\",\"name\":\"Grinbank Dise\u00f1o\",\"description\":\"Dise\u00f1o Gr\u00e1fico, Web, y Community Management\",\"publisher\":{\"@id\":\"https:\/\/grinbank.com.ar\/gwd\/#organization\"},\"potentialAction\":[{\"@type\":\"SearchAction\",\"target\":{\"@type\":\"EntryPoint\",\"urlTemplate\":\"https:\/\/grinbank.com.ar\/gwd\/?s={search_term_string}\"},\"query-input\":{\"@type\":\"PropertyValueSpecification\",\"valueRequired\":true,\"valueName\":\"search_term_string\"}}],\"inLanguage\":\"es-AR\"},{\"@type\":\"Organization\",\"@id\":\"https:\/\/grinbank.com.ar\/gwd\/#organization\",\"name\":\"Grinbank Dise\u00f1o\",\"url\":\"https:\/\/grinbank.com.ar\/gwd\/\",\"logo\":{\"@type\":\"ImageObject\",\"inLanguage\":\"es-AR\",\"@id\":\"https:\/\/grinbank.com.ar\/gwd\/#\/schema\/logo\/image\/\",\"url\":\"https:\/\/grinbank.com.ar\/gwd\/wp-content\/uploads\/2020\/10\/logo6.png\",\"contentUrl\":\"https:\/\/grinbank.com.ar\/gwd\/wp-content\/uploads\/2020\/10\/logo6.png\",\"width\":250,\"height\":151,\"caption\":\"Grinbank Dise\u00f1o\"},\"image\":{\"@id\":\"https:\/\/grinbank.com.ar\/gwd\/#\/schema\/logo\/image\/\"}}]}<\/script>\n<!-- \/ Yoast SEO plugin. -->","yoast_head_json":{"title":"Dise\u00f1o Gr\u00e1fico - Grinbank Dise\u00f1o","robots":{"index":"index","follow":"follow","max-snippet":"max-snippet:-1","max-image-preview":"max-image-preview:large","max-video-preview":"max-video-preview:-1"},"canonical":"https:\/\/grinbank.com.ar\/gwd\/","og_locale":"es_ES","og_type":"article","og_title":"Dise\u00f1o Gr\u00e1fico - Grinbank Dise\u00f1o","og_description":"Desde dise\u00f1o de logos, hasta el desarrollo de toda una imagen empresarial.","og_url":"https:\/\/grinbank.com.ar\/gwd\/","og_site_name":"Grinbank Dise\u00f1o","article_modified_time":"2018-05-09T15:22:19+00:00","twitter_card":"summary_large_image","schema":{"@context":"https:\/\/schema.org","@graph":[{"@type":"WebPage","@id":"https:\/\/grinbank.com.ar\/gwd\/","url":"https:\/\/grinbank.com.ar\/gwd\/","name":"Dise\u00f1o Gr\u00e1fico - Grinbank Dise\u00f1o","isPartOf":{"@id":"https:\/\/grinbank.com.ar\/gwd\/#website"},"datePublished":"2017-12-07T16:39:19+00:00","dateModified":"2018-05-09T15:22:19+00:00","breadcrumb":{"@id":"https:\/\/grinbank.com.ar\/gwd\/#breadcrumb"},"inLanguage":"es-AR","potentialAction":[{"@type":"ReadAction","target":["https:\/\/grinbank.com.ar\/gwd\/"]}]},{"@type":"BreadcrumbList","@id":"https:\/\/grinbank.com.ar\/gwd\/#breadcrumb","itemListElement":[{"@type":"ListItem","position":1,"name":"Inicio","item":"https:\/\/grinbank.com.ar\/gwd\/"},{"@type":"ListItem","position":2,"name":"Servicios","item":"https:\/\/grinbank.com.ar\/gwd\/servicios\/"},{"@type":"ListItem","position":3,"name":"Dise\u00f1o Gr\u00e1fico"}]},{"@type":"WebSite","@id":"https:\/\/grinbank.com.ar\/gwd\/#website","url":"https:\/\/grinbank.com.ar\/gwd\/","name":"Grinbank Dise\u00f1o","description":"Dise\u00f1o Gr\u00e1fico, Web, y Community Management","publisher":{"@id":"https:\/\/grinbank.com.ar\/gwd\/#organization"},"potentialAction":[{"@type":"SearchAction","target":{"@type":"EntryPoint","urlTemplate":"https:\/\/grinbank.com.ar\/gwd\/?s={search_term_string}"},"query-input":{"@type":"PropertyValueSpecification","valueRequired":true,"valueName":"search_term_string"}}],"inLanguage":"es-AR"},{"@type":"Organization","@id":"https:\/\/grinbank.com.ar\/gwd\/#organization","name":"Grinbank Dise\u00f1o","url":"https:\/\/grinbank.com.ar\/gwd\/","logo":{"@type":"ImageObject","inLanguage":"es-AR","@id":"https:\/\/grinbank.com.ar\/gwd\/#\/schema\/logo\/image\/","url":"https:\/\/grinbank.com.ar\/gwd\/wp-content\/uploads\/2020\/10\/logo6.png","contentUrl":"https:\/\/grinbank.com.ar\/gwd\/wp-content\/uploads\/2020\/10\/logo6.png","width":250,"height":151,"caption":"Grinbank Dise\u00f1o"},"image":{"@id":"https:\/\/grinbank.com.ar\/gwd\/#\/schema\/logo\/image\/"}}]}},"_links":{"self":[{"href":"https:\/\/grinbank.com.ar\/gwd\/wp-json\/wp\/v2\/pages\/148","targetHints":{"allow":["GET"]}}],"collection":[{"href":"https:\/\/grinbank.com.ar\/gwd\/wp-json\/wp\/v2\/pages"}],"about":[{"href":"https:\/\/grinbank.com.ar\/gwd\/wp-json\/wp\/v2\/types\/page"}],"author":[{"embeddable":true,"href":"https:\/\/grinbank.com.ar\/gwd\/wp-json\/wp\/v2\/users\/1"}],"replies":[{"embeddable":true,"href":"https:\/\/grinbank.com.ar\/gwd\/wp-json\/wp\/v2\/comments?post=148"}],"version-history":[{"count":9,"href":"https:\/\/grinbank.com.ar\/gwd\/wp-json\/wp\/v2\/pages\/148\/revisions"}],"predecessor-version":[{"id":266,"href":"https:\/\/grinbank.com.ar\/gwd\/wp-json\/wp\/v2\/pages\/148\/revisions\/266"}],"up":[{"embeddable":true,"href":"https:\/\/grinbank.com.ar\/gwd\/wp-json\/wp\/v2\/pages\/216"}],"wp:attachment":[{"href":"https:\/\/grinbank.com.ar\/gwd\/wp-json\/wp\/v2\/media?parent=148"}],"curies":[{"name":"wp","href":"https:\/\/api.w.org\/{rel}","templated":true}]}}