{"id":152,"date":"2017-12-07T13:41:08","date_gmt":"2017-12-07T16:41:08","guid":{"rendered":"http:\/\/grinbank.com.ar\/gwd\/?page_id=152"},"modified":"2018-08-01T11:57:41","modified_gmt":"2018-08-01T14:57:41","slug":"community-management","status":"publish","type":"page","link":"https:\/\/grinbank.com.ar\/gwd\/servicios\/community-management\/","title":{"rendered":"Community Management"},"content":{"rendered":"<h4><strong>Tu empresa\/emprendimiento en todas las redes sociales y&nbsp; motores de b\u00fasqueda.<\/strong><\/h4>\n<div id=\"flipbox-widget-309\" class=\"cfb_wrapper with-image flex-row\" data-flipboxid=\"flipbox-widget-309\" data-bootstrap-status=\"enable\" data-fontawesome-icons=\"disable\"><div class=\"flex-col-md-6 cfb-box-1 cfb-box-wrapper\">\n                            <div class=\"flipbox-container cfb-layout-2 cfb-flip cfb-hover\" data-effect=\"y\" data-height=\"equal\" >\n                            <div class=\"flipbox-front-layout cfb-data\">\n                                <div class=\"flipbox-img\"><img decoding=\"async\" src=\"http:\/\/grinbank.com.ar\/gwd\/wp-content\/uploads\/2017\/01\/8.jpg\" alt=\"\" \/><\/div><\/div>\n                            <div class=\"flipbox-back-layout cfb-data\" style=\"background:#5f92bf\">\n                            <h4>Gestionar y Administrar la Comunidad Online<\/h4>\n                                <p>\u2022Optimizaci\u00f3n de motor de b\u00fasqueda (SEO) \u2022Desarrollo de im\u00e1genes para redes sociales \u2022Campa\u00f1as de promoci\u00f3n para las redes<\/p><\/div>\n                            <\/div>\n                        <\/div><div class=\"flex-col-md-6 cfb-box-2 cfb-box-wrapper\">\n                            <div class=\"flipbox-container cfb-layout-2 cfb-flip cfb-hover\" data-effect=\"y\" data-height=\"equal\" >\n                            <div class=\"flipbox-front-layout cfb-data\">\n                                <div class=\"flipbox-img\"><img decoding=\"async\" src=\"http:\/\/grinbank.com.ar\/gwd\/wp-content\/uploads\/2018\/08\/redessociales.jpg\" alt=\"\" \/><\/div><\/div>\n                            <div class=\"flipbox-back-layout cfb-data\" style=\"background:#5f92bf\">\n                            <h4>Mantener Relaciones Estables y Duraderas<\/h4>\n                                <p>\u2022Concursos para los seguidores \u2022Manejo y an\u00e1lisis profesional de estad\u00edsticas \u2022Edici\u00f3n de video para los distintos medios<\/p><\/div>\n                            <\/div>\n                        <\/div><\/div>\n<p>&nbsp;<\/p>\n","protected":false},"excerpt":{"rendered":"<p>Tu empresa\/emprendimiento en todas las redes sociales y&nbsp; motores de b\u00fasqueda. &nbsp;<\/p>\n","protected":false},"author":1,"featured_media":0,"parent":216,"menu_order":0,"comment_status":"closed","ping_status":"closed","template":"","meta":{"ngg_post_thumbnail":0,"footnotes":""},"class_list":["post-152","page","type-page","status-publish","hentry"],"yoast_head":"<!-- This site is optimized with the Yoast SEO plugin v25.4 - https:\/\/yoast.com\/wordpress\/plugins\/seo\/ -->\n<title>Community Management - Grinbank Dise\u00f1o<\/title>\n<meta name=\"robots\" content=\"index, follow, max-snippet:-1, max-image-preview:large, max-video-preview:-1\" \/>\n<link rel=\"canonical\" href=\"https:\/\/grinbank.com.ar\/gwd\/servicios\/community-management\/\" \/>\n<meta property=\"og:locale\" content=\"es_ES\" \/>\n<meta property=\"og:type\" content=\"article\" \/>\n<meta property=\"og:title\" content=\"Community Management - Grinbank Dise\u00f1o\" \/>\n<meta property=\"og:description\" content=\"Tu empresa\/emprendimiento en todas las redes sociales y&nbsp; motores de b\u00fasqueda. &nbsp;\" \/>\n<meta property=\"og:url\" content=\"https:\/\/grinbank.com.ar\/gwd\/servicios\/community-management\/\" \/>\n<meta property=\"og:site_name\" content=\"Grinbank Dise\u00f1o\" \/>\n<meta property=\"article:modified_time\" content=\"2018-08-01T14:57:41+00:00\" \/>\n<meta name=\"twitter:card\" content=\"summary_large_image\" \/>\n<script type=\"application\/ld+json\" class=\"yoast-schema-graph\">{\"@context\":\"https:\/\/schema.org\",\"@graph\":[{\"@type\":\"WebPage\",\"@id\":\"https:\/\/grinbank.com.ar\/gwd\/servicios\/community-management\/\",\"url\":\"https:\/\/grinbank.com.ar\/gwd\/servicios\/community-management\/\",\"name\":\"Community Management - Grinbank Dise\u00f1o\",\"isPartOf\":{\"@id\":\"https:\/\/grinbank.com.ar\/gwd\/#website\"},\"datePublished\":\"2017-12-07T16:41:08+00:00\",\"dateModified\":\"2018-08-01T14:57:41+00:00\",\"breadcrumb\":{\"@id\":\"https:\/\/grinbank.com.ar\/gwd\/servicios\/community-management\/#breadcrumb\"},\"inLanguage\":\"es-AR\",\"potentialAction\":[{\"@type\":\"ReadAction\",\"target\":[\"https:\/\/grinbank.com.ar\/gwd\/servicios\/community-management\/\"]}]},{\"@type\":\"BreadcrumbList\",\"@id\":\"https:\/\/grinbank.com.ar\/gwd\/servicios\/community-management\/#breadcrumb\",\"itemListElement\":[{\"@type\":\"ListItem\",\"position\":1,\"name\":\"Inicio\",\"item\":\"https:\/\/grinbank.com.ar\/gwd\/\"},{\"@type\":\"ListItem\",\"position\":2,\"name\":\"Servicios\",\"item\":\"https:\/\/grinbank.com.ar\/gwd\/servicios\/\"},{\"@type\":\"ListItem\",\"position\":3,\"name\":\"Community Management\"}]},{\"@type\":\"WebSite\",\"@id\":\"https:\/\/grinbank.com.ar\/gwd\/#website\",\"url\":\"https:\/\/grinbank.com.ar\/gwd\/\",\"name\":\"Grinbank Dise\u00f1o\",\"description\":\"Dise\u00f1o Gr\u00e1fico, Web, y Community Management\",\"publisher\":{\"@id\":\"https:\/\/grinbank.com.ar\/gwd\/#organization\"},\"potentialAction\":[{\"@type\":\"SearchAction\",\"target\":{\"@type\":\"EntryPoint\",\"urlTemplate\":\"https:\/\/grinbank.com.ar\/gwd\/?s={search_term_string}\"},\"query-input\":{\"@type\":\"PropertyValueSpecification\",\"valueRequired\":true,\"valueName\":\"search_term_string\"}}],\"inLanguage\":\"es-AR\"},{\"@type\":\"Organization\",\"@id\":\"https:\/\/grinbank.com.ar\/gwd\/#organization\",\"name\":\"Grinbank Dise\u00f1o\",\"url\":\"https:\/\/grinbank.com.ar\/gwd\/\",\"logo\":{\"@type\":\"ImageObject\",\"inLanguage\":\"es-AR\",\"@id\":\"https:\/\/grinbank.com.ar\/gwd\/#\/schema\/logo\/image\/\",\"url\":\"https:\/\/grinbank.com.ar\/gwd\/wp-content\/uploads\/2020\/10\/logo6.png\",\"contentUrl\":\"https:\/\/grinbank.com.ar\/gwd\/wp-content\/uploads\/2020\/10\/logo6.png\",\"width\":250,\"height\":151,\"caption\":\"Grinbank Dise\u00f1o\"},\"image\":{\"@id\":\"https:\/\/grinbank.com.ar\/gwd\/#\/schema\/logo\/image\/\"}}]}<\/script>\n<!-- \/ Yoast SEO plugin. -->","yoast_head_json":{"title":"Community Management - Grinbank Dise\u00f1o","robots":{"index":"index","follow":"follow","max-snippet":"max-snippet:-1","max-image-preview":"max-image-preview:large","max-video-preview":"max-video-preview:-1"},"canonical":"https:\/\/grinbank.com.ar\/gwd\/servicios\/community-management\/","og_locale":"es_ES","og_type":"article","og_title":"Community Management - Grinbank Dise\u00f1o","og_description":"Tu empresa\/emprendimiento en todas las redes sociales y&nbsp; motores de b\u00fasqueda. &nbsp;","og_url":"https:\/\/grinbank.com.ar\/gwd\/servicios\/community-management\/","og_site_name":"Grinbank Dise\u00f1o","article_modified_time":"2018-08-01T14:57:41+00:00","twitter_card":"summary_large_image","schema":{"@context":"https:\/\/schema.org","@graph":[{"@type":"WebPage","@id":"https:\/\/grinbank.com.ar\/gwd\/servicios\/community-management\/","url":"https:\/\/grinbank.com.ar\/gwd\/servicios\/community-management\/","name":"Community Management - Grinbank Dise\u00f1o","isPartOf":{"@id":"https:\/\/grinbank.com.ar\/gwd\/#website"},"datePublished":"2017-12-07T16:41:08+00:00","dateModified":"2018-08-01T14:57:41+00:00","breadcrumb":{"@id":"https:\/\/grinbank.com.ar\/gwd\/servicios\/community-management\/#breadcrumb"},"inLanguage":"es-AR","potentialAction":[{"@type":"ReadAction","target":["https:\/\/grinbank.com.ar\/gwd\/servicios\/community-management\/"]}]},{"@type":"BreadcrumbList","@id":"https:\/\/grinbank.com.ar\/gwd\/servicios\/community-management\/#breadcrumb","itemListElement":[{"@type":"ListItem","position":1,"name":"Inicio","item":"https:\/\/grinbank.com.ar\/gwd\/"},{"@type":"ListItem","position":2,"name":"Servicios","item":"https:\/\/grinbank.com.ar\/gwd\/servicios\/"},{"@type":"ListItem","position":3,"name":"Community Management"}]},{"@type":"WebSite","@id":"https:\/\/grinbank.com.ar\/gwd\/#website","url":"https:\/\/grinbank.com.ar\/gwd\/","name":"Grinbank Dise\u00f1o","description":"Dise\u00f1o Gr\u00e1fico, Web, y Community Management","publisher":{"@id":"https:\/\/grinbank.com.ar\/gwd\/#organization"},"potentialAction":[{"@type":"SearchAction","target":{"@type":"EntryPoint","urlTemplate":"https:\/\/grinbank.com.ar\/gwd\/?s={search_term_string}"},"query-input":{"@type":"PropertyValueSpecification","valueRequired":true,"valueName":"search_term_string"}}],"inLanguage":"es-AR"},{"@type":"Organization","@id":"https:\/\/grinbank.com.ar\/gwd\/#organization","name":"Grinbank Dise\u00f1o","url":"https:\/\/grinbank.com.ar\/gwd\/","logo":{"@type":"ImageObject","inLanguage":"es-AR","@id":"https:\/\/grinbank.com.ar\/gwd\/#\/schema\/logo\/image\/","url":"https:\/\/grinbank.com.ar\/gwd\/wp-content\/uploads\/2020\/10\/logo6.png","contentUrl":"https:\/\/grinbank.com.ar\/gwd\/wp-content\/uploads\/2020\/10\/logo6.png","width":250,"height":151,"caption":"Grinbank Dise\u00f1o"},"image":{"@id":"https:\/\/grinbank.com.ar\/gwd\/#\/schema\/logo\/image\/"}}]}},"_links":{"self":[{"href":"https:\/\/grinbank.com.ar\/gwd\/wp-json\/wp\/v2\/pages\/152","targetHints":{"allow":["GET"]}}],"collection":[{"href":"https:\/\/grinbank.com.ar\/gwd\/wp-json\/wp\/v2\/pages"}],"about":[{"href":"https:\/\/grinbank.com.ar\/gwd\/wp-json\/wp\/v2\/types\/page"}],"author":[{"embeddable":true,"href":"https:\/\/grinbank.com.ar\/gwd\/wp-json\/wp\/v2\/users\/1"}],"replies":[{"embeddable":true,"href":"https:\/\/grinbank.com.ar\/gwd\/wp-json\/wp\/v2\/comments?post=152"}],"version-history":[{"count":29,"href":"https:\/\/grinbank.com.ar\/gwd\/wp-json\/wp\/v2\/pages\/152\/revisions"}],"predecessor-version":[{"id":333,"href":"https:\/\/grinbank.com.ar\/gwd\/wp-json\/wp\/v2\/pages\/152\/revisions\/333"}],"up":[{"embeddable":true,"href":"https:\/\/grinbank.com.ar\/gwd\/wp-json\/wp\/v2\/pages\/216"}],"wp:attachment":[{"href":"https:\/\/grinbank.com.ar\/gwd\/wp-json\/wp\/v2\/media?parent=152"}],"curies":[{"name":"wp","href":"https:\/\/api.w.org\/{rel}","templated":true}]}}