{"id":216,"date":"2018-01-08T12:57:44","date_gmt":"2018-01-08T15:57:44","guid":{"rendered":"http:\/\/grinbank.com.ar\/gwd\/?page_id=216"},"modified":"2018-01-08T13:56:44","modified_gmt":"2018-01-08T16:56:44","slug":"servicios","status":"publish","type":"page","link":"https:\/\/grinbank.com.ar\/gwd\/servicios\/","title":{"rendered":"Servicios"},"content":{"rendered":"<p style=\"text-align: center;\">\t<style> \r\n\t\t\/* Menu Background color *\/\r\n\t\t#UGM_222 .UGPMenuBackground{\r\n\t\t\tbackground-color:#31A3DD; \r\n\t\t}\r\n\r\n\t\t#UGM_222 .UGPMenuButtonBackgroundSelected{\r\n\t\t\tbackground-color: #31A3DD;\r\n\t\t\tpointer-events: none;\r\n\t\t\tcolor:#31A3DD;\r\n\t\t}\r\n\r\n\t\t#UGM_222 .centerDark,\r\n\t\t#UGM_222 .centerWhite,\r\n\t\t#UGM_222 .centerNormalDark {\r\n\t\t\tcolor:#ffffff;\r\n\t\t}\r\n\t\t\r\n\t\t#UGM_222 .searchClassName,\r\n\t\t#UGM_222 .searchNotFound,\r\n\t\t#UGM_222 .centerWhite,\r\n\t\t#UGM_222 .centerDark,\r\n\t\t#UGM_222 .gallery1DecHeader,\r\n\t\t#UGM_222 .gallery1DescP\r\n\t\t{\r\n\t\t\tfont-family:Trebuchet MS !important;\r\n\t\t}\r\n\t\t<\/style>\r\n\t<script src=\"https:\/\/grinbank.com.ar\/gwd\/wp-content\/plugins\/ultimate-gallery-master\/js\/FWDUGP.js\"><\/script>\r\n<script type=\"text\/javascript\">\r\nFWDRLUtils.onReady(function(){\r\n\tnew FWDUGP({\r\n\t\/* main settings  *\/\r\n\t\tgridType:\"classicVertical\",\r\n\t\trightClickContextMenu:\"default\",\r\n\t\tinstanceName:\"myUGP_222\",\r\n\t\tparentId:\"UGM_222\",\r\n\t\tmainFolderPath:\"https:\/\/grinbank.com.ar\/gwd\/wp-content\/plugins\/ultimate-gallery-master\/content\",\r\n\t\tgridSkinPath:\"grid_skin_classic\",\r\n\t\tlightboxSkinPath:\"lightbox_skin_classic\",\r\n\t\tplaylistId:\"UGMGallery_222\",\r\n\t\tanimateParent:\"yes\",\r\n\t\tstartAtCategory:0,\r\n\t\t\t\/* menu settings *\/\r\n\t\tshowMenu:\"no\",\r\n\t\tshowSearchBox:\"no\",\r\n\t\tcenterNoSearchFoundLabelWithMenu:\"yes\",\r\n\t\tmenuPosition:\"left\",\r\n\t\tsearchLabel:\"Search\",\r\n\t\tsearchNotFoundLabel:\"NOTHING FOUND!\",\r\n\t\tmenuButtonSpacerWidth:1,\r\n\t\tmenuButtonSpacerHeight:20,\r\n\t\tmenuButtonsSapcerLeftAndRight:10,\r\n\t\tmenuMaxWidth:920,\r\n\t\tmenuOffsetTop:18,\r\n\t\tmenuOffsetBottom:36,\r\n\t\/* thumbnail settings *\/\r\n\t\tthumbanilBoxShadow:\"none\",\r\n\t\tdisableThumbnails:\"no\", \r\n\t\tinverseButtonsIcons:\"no\",\r\n\t\tthumbnailBackgroundColor:\"#31A3DD\",\r\n\t\tthumbnailBorderNormalColor:\"#000000\",\r\n\t\tthumbnailBorderSelectedColor:\"#000000\",\r\n\t\tthumbnailsHorizontalOffset:0,\r\n\t\tthumbnailsVerticalOffset:5,\r\n\t\thorizontalSpaceBetweenThumbnails:5,\r\n\t\tverticalSpaceBetweenThumbnails:5,\r\n\t\tthumbnailBorderSize:0,\r\n\t\/* preset settings *\/\r\n\t\tpreset:\"animtext\",\r\n\t\ttextAnimationType:\"scale\",\r\n\t\tuseIconButtons:\"yes\",\r\n\t\tthumbnailIconWidth:30,\r\n\t\tthumbnailIconHeight:29,\r\n\t\tspaceBetweenThumbanilIcons:12,\r\n\t\tspaceBetweenTextAndIcons:20,\r\n\t\tthumbnailOverlayColor:\"#31A3DD\",\r\n\t\tthumbnailOverlayOpacity:0.5,\r\n\t\/* ligtbox settings (optional) *\/\r\n\t\tshowZoomButton:\"no\",\r\n\t\tshowDescriptionButton:\"no\",\r\n\t\tshowDescriptionByDefault:\"no\",\r\n\t});\r\n});\r\n<\/script>\r\n<!-- UGP holder -->\r\n<div id=\"UGM_222\"><\/div>\r\n<div id=\"UGMGallery_222\" style=\"display:none\">\r\n\t<ul>\r\n\t<li data-url=\"link:http:\/\/grinbank.com.ar\/gwd\/servicios\/diseno-grafico\/\" data-target=\"_blank\" ><img decoding=\"async\" src=\"http:\/\/grinbank.com.ar\/gwd\/wp-content\/uploads\/2017\/01\/10.jpg\" alt=\"Dise\u00f1o Gr\u00e1fico\"\/> <div data-thumbnail-content1=\"\"><div class=\"centerDark\">Dise\u00f1o Gr\u00e1fico<\/div><\/div><div data-lightbox-desc=\"\"><p class=\"gallery1DecHeader\">Dise\u00f1o Gr\u00e1fico<\/p><p class=\"gallery1DescP\"><\/p><\/div><\/li><li data-url=\"link:http:\/\/grinbank.com.ar\/gwd\/servicios\/community-management\/\" data-target=\"_blank\" ><img decoding=\"async\" src=\"http:\/\/grinbank.com.ar\/gwd\/wp-content\/uploads\/2017\/01\/8.jpg\" alt=\"Community Management\"\/> <div data-thumbnail-content1=\"\"><div class=\"centerDark\">Community Management<\/div><\/div><div data-lightbox-desc=\"\"><p class=\"gallery1DecHeader\">Community Management<\/p><p class=\"gallery1DescP\"><\/p><\/div><\/li><li data-url=\"link:http:\/\/grinbank.com.ar\/gwd\/servicios\/diseno-web\/\" data-target=\"_blank\" ><img decoding=\"async\" src=\"http:\/\/grinbank.com.ar\/gwd\/wp-content\/uploads\/2017\/01\/9.jpg\" alt=\"Dise\u00f1o Web\"\/> <div data-thumbnail-content1=\"\"><div class=\"centerDark\">Dise\u00f1o Web<\/div><\/div><div data-lightbox-desc=\"\"><p class=\"gallery1DecHeader\">Dise\u00f1o Web<\/p><p class=\"gallery1DescP\"><\/p><\/div><\/li><li data-url=\"link:http:\/\/grinbank.com.ar\/gwd\/servicios\/otros-servicios\/\" data-target=\"_blank\" ><img decoding=\"async\" src=\"http:\/\/grinbank.com.ar\/gwd\/wp-content\/uploads\/2018\/01\/bolts2-400x400.jpg\" alt=\"Otros\"\/> <div data-thumbnail-content1=\"\"><div class=\"centerDark\">Otros<\/div><\/div><div data-lightbox-desc=\"\"><p class=\"gallery1DecHeader\">Otros<\/p><p class=\"gallery1DescP\"><\/p><\/div><\/li>\t<\/ul>\t\t\r\n<\/div><\/p>\n<\/div>\n","protected":false},"excerpt":{"rendered":"","protected":false},"author":1,"featured_media":0,"parent":0,"menu_order":0,"comment_status":"closed","ping_status":"closed","template":"","meta":{"ngg_post_thumbnail":0,"footnotes":""},"class_list":["post-216","page","type-page","status-publish","hentry"],"yoast_head":"<!-- This site is optimized with the Yoast SEO plugin v25.4 - https:\/\/yoast.com\/wordpress\/plugins\/seo\/ -->\n<title>Servicios - Grinbank Dise\u00f1o<\/title>\n<meta name=\"robots\" content=\"index, follow, max-snippet:-1, max-image-preview:large, max-video-preview:-1\" \/>\n<link rel=\"canonical\" href=\"https:\/\/grinbank.com.ar\/gwd\/servicios\/\" \/>\n<meta property=\"og:locale\" content=\"es_ES\" \/>\n<meta property=\"og:type\" content=\"article\" \/>\n<meta property=\"og:title\" content=\"Servicios - Grinbank Dise\u00f1o\" \/>\n<meta property=\"og:url\" content=\"https:\/\/grinbank.com.ar\/gwd\/servicios\/\" \/>\n<meta property=\"og:site_name\" content=\"Grinbank Dise\u00f1o\" \/>\n<meta property=\"article:modified_time\" content=\"2018-01-08T16:56:44+00:00\" \/>\n<meta name=\"twitter:card\" content=\"summary_large_image\" \/>\n<script type=\"application\/ld+json\" class=\"yoast-schema-graph\">{\"@context\":\"https:\/\/schema.org\",\"@graph\":[{\"@type\":\"WebPage\",\"@id\":\"https:\/\/grinbank.com.ar\/gwd\/servicios\/\",\"url\":\"https:\/\/grinbank.com.ar\/gwd\/servicios\/\",\"name\":\"Servicios - Grinbank Dise\u00f1o\",\"isPartOf\":{\"@id\":\"https:\/\/grinbank.com.ar\/gwd\/#website\"},\"datePublished\":\"2018-01-08T15:57:44+00:00\",\"dateModified\":\"2018-01-08T16:56:44+00:00\",\"breadcrumb\":{\"@id\":\"https:\/\/grinbank.com.ar\/gwd\/servicios\/#breadcrumb\"},\"inLanguage\":\"es-AR\",\"potentialAction\":[{\"@type\":\"ReadAction\",\"target\":[\"https:\/\/grinbank.com.ar\/gwd\/servicios\/\"]}]},{\"@type\":\"BreadcrumbList\",\"@id\":\"https:\/\/grinbank.com.ar\/gwd\/servicios\/#breadcrumb\",\"itemListElement\":[{\"@type\":\"ListItem\",\"position\":1,\"name\":\"Inicio\",\"item\":\"https:\/\/grinbank.com.ar\/gwd\/\"},{\"@type\":\"ListItem\",\"position\":2,\"name\":\"Servicios\"}]},{\"@type\":\"WebSite\",\"@id\":\"https:\/\/grinbank.com.ar\/gwd\/#website\",\"url\":\"https:\/\/grinbank.com.ar\/gwd\/\",\"name\":\"Grinbank Dise\u00f1o\",\"description\":\"Dise\u00f1o Gr\u00e1fico, Web, y Community Management\",\"publisher\":{\"@id\":\"https:\/\/grinbank.com.ar\/gwd\/#organization\"},\"potentialAction\":[{\"@type\":\"SearchAction\",\"target\":{\"@type\":\"EntryPoint\",\"urlTemplate\":\"https:\/\/grinbank.com.ar\/gwd\/?s={search_term_string}\"},\"query-input\":{\"@type\":\"PropertyValueSpecification\",\"valueRequired\":true,\"valueName\":\"search_term_string\"}}],\"inLanguage\":\"es-AR\"},{\"@type\":\"Organization\",\"@id\":\"https:\/\/grinbank.com.ar\/gwd\/#organization\",\"name\":\"Grinbank Dise\u00f1o\",\"url\":\"https:\/\/grinbank.com.ar\/gwd\/\",\"logo\":{\"@type\":\"ImageObject\",\"inLanguage\":\"es-AR\",\"@id\":\"https:\/\/grinbank.com.ar\/gwd\/#\/schema\/logo\/image\/\",\"url\":\"https:\/\/grinbank.com.ar\/gwd\/wp-content\/uploads\/2020\/10\/logo6.png\",\"contentUrl\":\"https:\/\/grinbank.com.ar\/gwd\/wp-content\/uploads\/2020\/10\/logo6.png\",\"width\":250,\"height\":151,\"caption\":\"Grinbank Dise\u00f1o\"},\"image\":{\"@id\":\"https:\/\/grinbank.com.ar\/gwd\/#\/schema\/logo\/image\/\"}}]}<\/script>\n<!-- \/ Yoast SEO plugin. -->","yoast_head_json":{"title":"Servicios - Grinbank Dise\u00f1o","robots":{"index":"index","follow":"follow","max-snippet":"max-snippet:-1","max-image-preview":"max-image-preview:large","max-video-preview":"max-video-preview:-1"},"canonical":"https:\/\/grinbank.com.ar\/gwd\/servicios\/","og_locale":"es_ES","og_type":"article","og_title":"Servicios - Grinbank Dise\u00f1o","og_url":"https:\/\/grinbank.com.ar\/gwd\/servicios\/","og_site_name":"Grinbank Dise\u00f1o","article_modified_time":"2018-01-08T16:56:44+00:00","twitter_card":"summary_large_image","schema":{"@context":"https:\/\/schema.org","@graph":[{"@type":"WebPage","@id":"https:\/\/grinbank.com.ar\/gwd\/servicios\/","url":"https:\/\/grinbank.com.ar\/gwd\/servicios\/","name":"Servicios - Grinbank Dise\u00f1o","isPartOf":{"@id":"https:\/\/grinbank.com.ar\/gwd\/#website"},"datePublished":"2018-01-08T15:57:44+00:00","dateModified":"2018-01-08T16:56:44+00:00","breadcrumb":{"@id":"https:\/\/grinbank.com.ar\/gwd\/servicios\/#breadcrumb"},"inLanguage":"es-AR","potentialAction":[{"@type":"ReadAction","target":["https:\/\/grinbank.com.ar\/gwd\/servicios\/"]}]},{"@type":"BreadcrumbList","@id":"https:\/\/grinbank.com.ar\/gwd\/servicios\/#breadcrumb","itemListElement":[{"@type":"ListItem","position":1,"name":"Inicio","item":"https:\/\/grinbank.com.ar\/gwd\/"},{"@type":"ListItem","position":2,"name":"Servicios"}]},{"@type":"WebSite","@id":"https:\/\/grinbank.com.ar\/gwd\/#website","url":"https:\/\/grinbank.com.ar\/gwd\/","name":"Grinbank Dise\u00f1o","description":"Dise\u00f1o Gr\u00e1fico, Web, y Community Management","publisher":{"@id":"https:\/\/grinbank.com.ar\/gwd\/#organization"},"potentialAction":[{"@type":"SearchAction","target":{"@type":"EntryPoint","urlTemplate":"https:\/\/grinbank.com.ar\/gwd\/?s={search_term_string}"},"query-input":{"@type":"PropertyValueSpecification","valueRequired":true,"valueName":"search_term_string"}}],"inLanguage":"es-AR"},{"@type":"Organization","@id":"https:\/\/grinbank.com.ar\/gwd\/#organization","name":"Grinbank Dise\u00f1o","url":"https:\/\/grinbank.com.ar\/gwd\/","logo":{"@type":"ImageObject","inLanguage":"es-AR","@id":"https:\/\/grinbank.com.ar\/gwd\/#\/schema\/logo\/image\/","url":"https:\/\/grinbank.com.ar\/gwd\/wp-content\/uploads\/2020\/10\/logo6.png","contentUrl":"https:\/\/grinbank.com.ar\/gwd\/wp-content\/uploads\/2020\/10\/logo6.png","width":250,"height":151,"caption":"Grinbank Dise\u00f1o"},"image":{"@id":"https:\/\/grinbank.com.ar\/gwd\/#\/schema\/logo\/image\/"}}]}},"_links":{"self":[{"href":"https:\/\/grinbank.com.ar\/gwd\/wp-json\/wp\/v2\/pages\/216","targetHints":{"allow":["GET"]}}],"collection":[{"href":"https:\/\/grinbank.com.ar\/gwd\/wp-json\/wp\/v2\/pages"}],"about":[{"href":"https:\/\/grinbank.com.ar\/gwd\/wp-json\/wp\/v2\/types\/page"}],"author":[{"embeddable":true,"href":"https:\/\/grinbank.com.ar\/gwd\/wp-json\/wp\/v2\/users\/1"}],"replies":[{"embeddable":true,"href":"https:\/\/grinbank.com.ar\/gwd\/wp-json\/wp\/v2\/comments?post=216"}],"version-history":[{"count":12,"href":"https:\/\/grinbank.com.ar\/gwd\/wp-json\/wp\/v2\/pages\/216\/revisions"}],"predecessor-version":[{"id":232,"href":"https:\/\/grinbank.com.ar\/gwd\/wp-json\/wp\/v2\/pages\/216\/revisions\/232"}],"wp:attachment":[{"href":"https:\/\/grinbank.com.ar\/gwd\/wp-json\/wp\/v2\/media?parent=216"}],"curies":[{"name":"wp","href":"https:\/\/api.w.org\/{rel}","templated":true}]}}