{"id":346,"date":"2019-03-26T19:20:46","date_gmt":"2019-03-26T22:20:46","guid":{"rendered":"http:\/\/grinbank.com.ar\/gwd\/?page_id=346"},"modified":"2019-03-26T19:56:29","modified_gmt":"2019-03-26T22:56:29","slug":"portfolio","status":"publish","type":"page","link":"https:\/\/grinbank.com.ar\/gwd\/portfolio\/","title":{"rendered":"Portfolio"},"content":{"rendered":"<div id=\"flipbox-widget-348\" class=\"cfb_wrapper with-image flex-row\" data-flipboxid=\"flipbox-widget-348\" data-bootstrap-status=\"enable\" data-fontawesome-icons=\"disable\"><div class=\"flex-col-md-4 cfb-box-1 cfb-box-wrapper\">\n                            <div class=\"flipbox-container cfb-layout-2 cfb-flip cfb-hover\" data-effect=\"y\" data-height=\"default\" >\n                            <div class=\"flipbox-front-layout cfb-data\">\n                                <div class=\"flipbox-img\"><img decoding=\"async\" src=\"http:\/\/grinbank.com.ar\/gwd\/wp-content\/uploads\/2019\/03\/flyer1.jpg\" alt=\"\" \/><\/div><\/div>\n                            <div class=\"flipbox-back-layout cfb-data\" style=\"background:#5f92bf\">\n                            <h4>Trabajos acad\u00e9micos<\/h4>\n                                <p>Los trabajos realizados durante la cursada en la carrera de Dise\u00f1o Gr\u00e1fico desde el a\u00f1o 2013 hasta el 2018<\/p><a target=\"_blank\" href=\"http:\/\/grinbank.com.ar\/gwd\/portfolio\/trabajos-academicos\/\" style=\"color:#5f92bf\" class=\"back-layout-btn\">Ver Galer\u00eda<\/a><\/div>\n                            <\/div>\n                        <\/div><div class=\"flex-col-md-4 cfb-box-2 cfb-box-wrapper\">\n                            <div class=\"flipbox-container cfb-layout-2 cfb-flip cfb-hover\" data-effect=\"y\" data-height=\"default\" >\n                            <div class=\"flipbox-front-layout cfb-data\">\n                                <div class=\"flipbox-img\"><img decoding=\"async\" src=\"http:\/\/grinbank.com.ar\/gwd\/wp-content\/uploads\/2019\/03\/819d389e-6d2e-43b0-9661-469eac3570aa.jpg\" alt=\"\" \/><\/div><\/div>\n                            <div class=\"flipbox-back-layout cfb-data\" style=\"background:#5f92bf\">\n                            <h4>Gr\u00e1fica exterior e interior<\/h4>\n                                <p>Desde ploteo en vinilo hasta cortes personalizados en polifan, todas nuestras participaciones en la gr\u00e1fica de locales con salida a la calle y galer\u00edas<\/p><a target=\"_blank\" href=\"http:\/\/grinbank.com.ar\/gwd\/portfolio\/grafica-exterior-e-interior\/\" style=\"color:#5f92bf\" class=\"back-layout-btn\">Ver Galer\u00eda<\/a><\/div>\n                            <\/div>\n                        <\/div><div class=\"flex-col-md-4 cfb-box-3 cfb-box-wrapper\">\n                            <div class=\"flipbox-container cfb-layout-2 cfb-flip cfb-hover\" data-effect=\"y\" data-height=\"default\" >\n                            <div class=\"flipbox-front-layout cfb-data\">\n                                <div class=\"flipbox-img\"><img decoding=\"async\" src=\"http:\/\/grinbank.com.ar\/gwd\/wp-content\/uploads\/2019\/03\/iman-02.jpg\" alt=\"\" \/><\/div><\/div>\n                            <div class=\"flipbox-back-layout cfb-data\" style=\"background:#5f92bf\">\n                            <h4>Tarjetas personalizadas<\/h4>\n                                <p>Tarjetas para repartir a tus clientes e interesados en tus productos y servicios, que denotan tu identidad y poseen los datos necesarios para contactarte<\/p><a target=\"_blank\" href=\"http:\/\/grinbank.com.ar\/gwd\/portfolio\/tarjetas-personalizadas\/\" style=\"color:#5f92bf\" class=\"back-layout-btn\">Ver Galer\u00eda<\/a><\/div>\n                            <\/div>\n                        <\/div><div class=\"flex-col-md-4 cfb-box-4 cfb-box-wrapper\">\n                            <div class=\"flipbox-container cfb-layout-2 cfb-flip cfb-hover\" data-effect=\"y\" data-height=\"default\" >\n                            <div class=\"flipbox-front-layout cfb-data\">\n                                <div class=\"flipbox-img\"><img decoding=\"async\" src=\"http:\/\/grinbank.com.ar\/gwd\/wp-content\/uploads\/2019\/03\/flyer10x15-05.jpg\" alt=\"\" \/><\/div><\/div>\n                            <div class=\"flipbox-back-layout cfb-data\" style=\"background:#5f92bf\">\n                            <h4>Volantes<\/h4>\n                                <p>Volantes para promocionar diferentes productos y servicios<\/p><a target=\"_blank\" href=\"http:\/\/grinbank.com.ar\/gwd\/portfolio\/volantes\/\" style=\"color:#5f92bf\" class=\"back-layout-btn\">Ver Galer\u00eda<\/a><\/div>\n                            <\/div>\n                        <\/div><div class=\"flex-col-md-4 cfb-box-5 cfb-box-wrapper\">\n                            <div class=\"flipbox-container cfb-layout-2 cfb-flip cfb-hover\" data-effect=\"y\" data-height=\"default\" >\n                            <div class=\"flipbox-front-layout cfb-data\">\n                                <div class=\"flipbox-img\"><img decoding=\"async\" src=\"http:\/\/grinbank.com.ar\/gwd\/wp-content\/uploads\/2019\/03\/webapp01.jpg\" alt=\"\" \/><\/div><\/div>\n                            <div class=\"flipbox-back-layout cfb-data\" style=\"background:#5f92bf\">\n                            <h4>Dise\u00f1o web<\/h4>\n                                <p>Dise\u00f1o de p\u00e1ginas web en HTML 5 + CSS, responsive, optimizado para el SEO y con asistencia de hosting<\/p><a target=\"_blank\" href=\"http:\/\/grinbank.com.ar\/gwd\/portfolio\/paginas-web\/\" style=\"color:#5f92bf\" class=\"back-layout-btn\">Ver Galer\u00eda<\/a><\/div>\n                            <\/div>\n                        <\/div><div class=\"flex-col-md-4 cfb-box-6 cfb-box-wrapper\">\n                            <div class=\"flipbox-container cfb-layout-2 cfb-flip cfb-hover\" data-effect=\"y\" data-height=\"default\" >\n                            <div class=\"flipbox-front-layout cfb-data\">\n                                <div class=\"flipbox-img\"><img decoding=\"async\" src=\"http:\/\/grinbank.com.ar\/gwd\/wp-content\/uploads\/2019\/03\/63a00c8a-50e1-400d-a658-18a4f12b0a64.jpg\" alt=\"\" \/><\/div><\/div>\n                            <div class=\"flipbox-back-layout cfb-data\" style=\"background:#5f92bf\">\n                            <h4>\u00c1lbumes, cartas y figuritas<\/h4>\n                                <p>Nos encargamos tanto del dise\u00f1o como de la impresi\u00f3n de \u00e1lbumes, cartas y figuritas.<\/p><a target=\"_blank\" href=\"http:\/\/www.editoraaladino.com.ar\" style=\"color:#5f92bf\" class=\"back-layout-btn\">Ver Galer\u00eda<\/a><\/div>\n                            <\/div>\n                        <\/div><div class=\"flex-col-md-4 cfb-box-7 cfb-box-wrapper\">\n                            <div class=\"flipbox-container cfb-layout-2 cfb-flip cfb-hover\" data-effect=\"y\" data-height=\"default\" >\n                            <div class=\"flipbox-front-layout cfb-data\">\n                                <div class=\"flipbox-img\"><img decoding=\"async\" src=\"http:\/\/grinbank.com.ar\/gwd\/wp-content\/uploads\/2019\/03\/870990af-62dc-43a8-b792-ca6d3f3f9fa8.jpg\" alt=\"\" \/><\/div><\/div>\n                            <div class=\"flipbox-back-layout cfb-data\" style=\"background:#5f92bf\">\n                            <h4>Kits impimibles con candy bar para fiestas<\/h4>\n                                <p>Tenemos nuestro propio emprendimiento de Kits de fiestas llamado Print Party<\/p><a target=\"_blank\" href=\"http:\/\/www.printparty.com.ar\" style=\"color:#5f92bf\" class=\"back-layout-btn\">Ver Galer\u00eda<\/a><\/div>\n                            <\/div>\n                        <\/div><div class=\"flex-col-md-4 cfb-box-8 cfb-box-wrapper\">\n                            <div class=\"flipbox-container cfb-layout-2 cfb-flip cfb-hover\" data-effect=\"y\" data-height=\"default\" >\n                            <div class=\"flipbox-front-layout cfb-data\">\n                                <div class=\"flipbox-img\"><img decoding=\"async\" src=\"http:\/\/grinbank.com.ar\/gwd\/wp-content\/uploads\/2019\/03\/29094437_818418341679918_46197823581978624_n.jpg\" alt=\"\" \/><\/div><\/div>\n                            <div class=\"flipbox-back-layout cfb-data\" style=\"background:#5f92bf\">\n                            <h4>Fotograf\u00eda<\/h4>\n                                <p>Contamos con equipo profesional para realizar todo tipo de capturas, ya sea fotograf\u00eda o video<\/p><a target=\"_blank\" href=\"http:\/\/grinbank.com.ar\/gwd\/portfolio\/fotografia\/\" style=\"color:#5f92bf\" class=\"back-layout-btn\">Ver Galer\u00eda<\/a><\/div>\n                            <\/div>\n                        <\/div><div class=\"flex-col-md-4 cfb-box-9 cfb-box-wrapper\">\n                            <div class=\"flipbox-container cfb-layout-2 cfb-flip cfb-hover\" data-effect=\"y\" data-height=\"default\" >\n                            <div class=\"flipbox-front-layout cfb-data\">\n                                <div class=\"flipbox-img\"><img decoding=\"async\" src=\"http:\/\/grinbank.com.ar\/gwd\/wp-content\/uploads\/2019\/03\/youtube-512.png\" alt=\"\" \/><\/div><\/div>\n                            <div class=\"flipbox-back-layout cfb-data\" style=\"background:#5f92bf\">\n                            <h4>Edici\u00f3n de video<\/h4>\n                                <p>Hacemos edici\u00f3n de video para publicidades cortas en redes sociales y otros clientes con pedidos espec\u00edficos<\/p><a target=\"_blank\" href=\"http:\/\/grinbank.com.ar\/gwd\/portfolio\/edicion-de-video\/\" style=\"color:#5f92bf\" class=\"back-layout-btn\">Ver Galer\u00eda<\/a><\/div>\n                            <\/div>\n                        <\/div><div class=\"flex-col-md-4 cfb-box-10 cfb-box-wrapper\">\n                            <div class=\"flipbox-container cfb-layout-2 cfb-flip cfb-hover\" data-effect=\"y\" data-height=\"default\" >\n                            <div class=\"flipbox-front-layout cfb-data\">\n                                <div class=\"flipbox-img\"><img decoding=\"async\" src=\"http:\/\/grinbank.com.ar\/gwd\/wp-content\/uploads\/2019\/03\/Proceso-2.jpg\" alt=\"\" \/><\/div><\/div>\n                            <div class=\"flipbox-back-layout cfb-data\" style=\"background:#5f92bf\">\n                            <h4>Ilustraci\u00f3n<\/h4>\n                                <p>Realizamos ilustraciones profesionales para diversos clientes, y participamos en proyectos tales como juegos de mesa, libros infantiles, entre otros...<\/p><a target=\"_blank\" href=\"http:\/\/grinbank.com.ar\/gwd\/portfolio\/ilustraciones\/\" style=\"color:#5f92bf\" class=\"back-layout-btn\">Ver Galer\u00eda<\/a><\/div>\n                            <\/div>\n                        <\/div><div class=\"flex-col-md-4 cfb-box-11 cfb-box-wrapper\">\n                            <div class=\"flipbox-container cfb-layout-2 cfb-flip cfb-hover\" data-effect=\"y\" data-height=\"default\" >\n                            <div class=\"flipbox-front-layout cfb-data\">\n                                <div class=\"flipbox-img\"><img decoding=\"async\" src=\"http:\/\/grinbank.com.ar\/gwd\/wp-content\/uploads\/2019\/03\/oferta-02.jpg\" alt=\"\" \/><\/div><\/div>\n                            <div class=\"flipbox-back-layout cfb-data\" style=\"background:#5f92bf\">\n                            <h4>Community Management<\/h4>\n                                <p>Nos encargamos del manejo de todas tus redes sociales, con el objetivo de hacer progresar tu emprendimiento y llegar al p\u00fablico deseado<\/p><a target=\"_blank\" href=\"http:\/\/grinbank.com.ar\/gwd\/portfolio\/redes-sociales\/\" style=\"color:#5f92bf\" class=\"back-layout-btn\">Ver Galer\u00eda<\/a><\/div>\n                            <\/div>\n                        <\/div><div class=\"flex-col-md-4 cfb-box-12 cfb-box-wrapper\">\n                            <div class=\"flipbox-container cfb-layout-2 cfb-flip cfb-hover\" data-effect=\"y\" data-height=\"default\" >\n                            <div class=\"flipbox-front-layout cfb-data\">\n                                <div class=\"flipbox-img\"><img decoding=\"async\" src=\"http:\/\/grinbank.com.ar\/gwd\/wp-content\/uploads\/2020\/09\/kharma-01.jpg\" alt=\"\" \/><\/div><\/div>\n                            <div class=\"flipbox-back-layout cfb-data\" style=\"background:#5f92bf\">\n                            <h4>Dise\u00f1o de Logo y Marca<\/h4>\n                                <p>Nos encargamos de dise\u00f1ar un logo y desarrollar tu marca para que tus clientes logren identificarte y conf\u00eden en tus servicios. Te entregamos tu manual de marca para que cualquier dise\u00f1ador pueda trabajar con ella!<\/p><a target=\"_blank\" href=\"http:\/\/grinbank.com.ar\/gwd\/portfolio\/logo-y-marca\/\" style=\"color:#5f92bf\" class=\"back-layout-btn\">Ver Galer\u00eda<\/a><\/div>\n                            <\/div>\n                        <\/div><\/div>\n<p>&nbsp;<\/p>\n","protected":false},"excerpt":{"rendered":"<p>&nbsp;<\/p>\n","protected":false},"author":1,"featured_media":0,"parent":0,"menu_order":0,"comment_status":"closed","ping_status":"closed","template":"","meta":{"ngg_post_thumbnail":0,"footnotes":""},"class_list":["post-346","page","type-page","status-publish","hentry"],"yoast_head":"<!-- This site is optimized with the Yoast SEO plugin v25.4 - https:\/\/yoast.com\/wordpress\/plugins\/seo\/ -->\n<title>Portfolio - Grinbank Dise\u00f1o<\/title>\n<meta name=\"robots\" content=\"index, follow, max-snippet:-1, max-image-preview:large, max-video-preview:-1\" \/>\n<link rel=\"canonical\" href=\"https:\/\/grinbank.com.ar\/gwd\/portfolio\/\" \/>\n<meta property=\"og:locale\" content=\"es_ES\" \/>\n<meta property=\"og:type\" content=\"article\" \/>\n<meta property=\"og:title\" content=\"Portfolio - Grinbank Dise\u00f1o\" \/>\n<meta property=\"og:description\" content=\"&nbsp;\" \/>\n<meta property=\"og:url\" content=\"https:\/\/grinbank.com.ar\/gwd\/portfolio\/\" \/>\n<meta property=\"og:site_name\" content=\"Grinbank Dise\u00f1o\" \/>\n<meta property=\"article:modified_time\" content=\"2019-03-26T22:56:29+00:00\" \/>\n<meta name=\"twitter:card\" content=\"summary_large_image\" \/>\n<script type=\"application\/ld+json\" class=\"yoast-schema-graph\">{\"@context\":\"https:\/\/schema.org\",\"@graph\":[{\"@type\":\"WebPage\",\"@id\":\"https:\/\/grinbank.com.ar\/gwd\/portfolio\/\",\"url\":\"https:\/\/grinbank.com.ar\/gwd\/portfolio\/\",\"name\":\"Portfolio - Grinbank Dise\u00f1o\",\"isPartOf\":{\"@id\":\"https:\/\/grinbank.com.ar\/gwd\/#website\"},\"datePublished\":\"2019-03-26T22:20:46+00:00\",\"dateModified\":\"2019-03-26T22:56:29+00:00\",\"breadcrumb\":{\"@id\":\"https:\/\/grinbank.com.ar\/gwd\/portfolio\/#breadcrumb\"},\"inLanguage\":\"es-AR\",\"potentialAction\":[{\"@type\":\"ReadAction\",\"target\":[\"https:\/\/grinbank.com.ar\/gwd\/portfolio\/\"]}]},{\"@type\":\"BreadcrumbList\",\"@id\":\"https:\/\/grinbank.com.ar\/gwd\/portfolio\/#breadcrumb\",\"itemListElement\":[{\"@type\":\"ListItem\",\"position\":1,\"name\":\"Inicio\",\"item\":\"https:\/\/grinbank.com.ar\/gwd\/\"},{\"@type\":\"ListItem\",\"position\":2,\"name\":\"Portfolio\"}]},{\"@type\":\"WebSite\",\"@id\":\"https:\/\/grinbank.com.ar\/gwd\/#website\",\"url\":\"https:\/\/grinbank.com.ar\/gwd\/\",\"name\":\"Grinbank Dise\u00f1o\",\"description\":\"Dise\u00f1o Gr\u00e1fico, Web, y Community Management\",\"publisher\":{\"@id\":\"https:\/\/grinbank.com.ar\/gwd\/#organization\"},\"potentialAction\":[{\"@type\":\"SearchAction\",\"target\":{\"@type\":\"EntryPoint\",\"urlTemplate\":\"https:\/\/grinbank.com.ar\/gwd\/?s={search_term_string}\"},\"query-input\":{\"@type\":\"PropertyValueSpecification\",\"valueRequired\":true,\"valueName\":\"search_term_string\"}}],\"inLanguage\":\"es-AR\"},{\"@type\":\"Organization\",\"@id\":\"https:\/\/grinbank.com.ar\/gwd\/#organization\",\"name\":\"Grinbank Dise\u00f1o\",\"url\":\"https:\/\/grinbank.com.ar\/gwd\/\",\"logo\":{\"@type\":\"ImageObject\",\"inLanguage\":\"es-AR\",\"@id\":\"https:\/\/grinbank.com.ar\/gwd\/#\/schema\/logo\/image\/\",\"url\":\"https:\/\/grinbank.com.ar\/gwd\/wp-content\/uploads\/2020\/10\/logo6.png\",\"contentUrl\":\"https:\/\/grinbank.com.ar\/gwd\/wp-content\/uploads\/2020\/10\/logo6.png\",\"width\":250,\"height\":151,\"caption\":\"Grinbank Dise\u00f1o\"},\"image\":{\"@id\":\"https:\/\/grinbank.com.ar\/gwd\/#\/schema\/logo\/image\/\"}}]}<\/script>\n<!-- \/ Yoast SEO plugin. -->","yoast_head_json":{"title":"Portfolio - Grinbank Dise\u00f1o","robots":{"index":"index","follow":"follow","max-snippet":"max-snippet:-1","max-image-preview":"max-image-preview:large","max-video-preview":"max-video-preview:-1"},"canonical":"https:\/\/grinbank.com.ar\/gwd\/portfolio\/","og_locale":"es_ES","og_type":"article","og_title":"Portfolio - Grinbank Dise\u00f1o","og_description":"&nbsp;","og_url":"https:\/\/grinbank.com.ar\/gwd\/portfolio\/","og_site_name":"Grinbank Dise\u00f1o","article_modified_time":"2019-03-26T22:56:29+00:00","twitter_card":"summary_large_image","schema":{"@context":"https:\/\/schema.org","@graph":[{"@type":"WebPage","@id":"https:\/\/grinbank.com.ar\/gwd\/portfolio\/","url":"https:\/\/grinbank.com.ar\/gwd\/portfolio\/","name":"Portfolio - Grinbank Dise\u00f1o","isPartOf":{"@id":"https:\/\/grinbank.com.ar\/gwd\/#website"},"datePublished":"2019-03-26T22:20:46+00:00","dateModified":"2019-03-26T22:56:29+00:00","breadcrumb":{"@id":"https:\/\/grinbank.com.ar\/gwd\/portfolio\/#breadcrumb"},"inLanguage":"es-AR","potentialAction":[{"@type":"ReadAction","target":["https:\/\/grinbank.com.ar\/gwd\/portfolio\/"]}]},{"@type":"BreadcrumbList","@id":"https:\/\/grinbank.com.ar\/gwd\/portfolio\/#breadcrumb","itemListElement":[{"@type":"ListItem","position":1,"name":"Inicio","item":"https:\/\/grinbank.com.ar\/gwd\/"},{"@type":"ListItem","position":2,"name":"Portfolio"}]},{"@type":"WebSite","@id":"https:\/\/grinbank.com.ar\/gwd\/#website","url":"https:\/\/grinbank.com.ar\/gwd\/","name":"Grinbank Dise\u00f1o","description":"Dise\u00f1o Gr\u00e1fico, Web, y Community Management","publisher":{"@id":"https:\/\/grinbank.com.ar\/gwd\/#organization"},"potentialAction":[{"@type":"SearchAction","target":{"@type":"EntryPoint","urlTemplate":"https:\/\/grinbank.com.ar\/gwd\/?s={search_term_string}"},"query-input":{"@type":"PropertyValueSpecification","valueRequired":true,"valueName":"search_term_string"}}],"inLanguage":"es-AR"},{"@type":"Organization","@id":"https:\/\/grinbank.com.ar\/gwd\/#organization","name":"Grinbank Dise\u00f1o","url":"https:\/\/grinbank.com.ar\/gwd\/","logo":{"@type":"ImageObject","inLanguage":"es-AR","@id":"https:\/\/grinbank.com.ar\/gwd\/#\/schema\/logo\/image\/","url":"https:\/\/grinbank.com.ar\/gwd\/wp-content\/uploads\/2020\/10\/logo6.png","contentUrl":"https:\/\/grinbank.com.ar\/gwd\/wp-content\/uploads\/2020\/10\/logo6.png","width":250,"height":151,"caption":"Grinbank Dise\u00f1o"},"image":{"@id":"https:\/\/grinbank.com.ar\/gwd\/#\/schema\/logo\/image\/"}}]}},"_links":{"self":[{"href":"https:\/\/grinbank.com.ar\/gwd\/wp-json\/wp\/v2\/pages\/346","targetHints":{"allow":["GET"]}}],"collection":[{"href":"https:\/\/grinbank.com.ar\/gwd\/wp-json\/wp\/v2\/pages"}],"about":[{"href":"https:\/\/grinbank.com.ar\/gwd\/wp-json\/wp\/v2\/types\/page"}],"author":[{"embeddable":true,"href":"https:\/\/grinbank.com.ar\/gwd\/wp-json\/wp\/v2\/users\/1"}],"replies":[{"embeddable":true,"href":"https:\/\/grinbank.com.ar\/gwd\/wp-json\/wp\/v2\/comments?post=346"}],"version-history":[{"count":3,"href":"https:\/\/grinbank.com.ar\/gwd\/wp-json\/wp\/v2\/pages\/346\/revisions"}],"predecessor-version":[{"id":351,"href":"https:\/\/grinbank.com.ar\/gwd\/wp-json\/wp\/v2\/pages\/346\/revisions\/351"}],"wp:attachment":[{"href":"https:\/\/grinbank.com.ar\/gwd\/wp-json\/wp\/v2\/media?parent=346"}],"curies":[{"name":"wp","href":"https:\/\/api.w.org\/{rel}","templated":true}]}}