{"id":552,"date":"2019-03-27T15:36:26","date_gmt":"2019-03-27T18:36:26","guid":{"rendered":"http:\/\/grinbank.com.ar\/gwd\/?page_id=552"},"modified":"2019-03-27T15:36:26","modified_gmt":"2019-03-27T18:36:26","slug":"fotografia","status":"publish","type":"page","link":"https:\/\/grinbank.com.ar\/gwd\/portfolio\/fotografia\/","title":{"rendered":"Fotograf\u00eda"},"content":{"rendered":"ngg_shortcode_0_placeholder\n","protected":false},"excerpt":{"rendered":"","protected":false},"author":1,"featured_media":0,"parent":346,"menu_order":0,"comment_status":"closed","ping_status":"closed","template":"","meta":{"ngg_post_thumbnail":0,"footnotes":""},"class_list":["post-552","page","type-page","status-publish","hentry"],"yoast_head":"<!-- This site is optimized with the Yoast SEO plugin v25.4 - https:\/\/yoast.com\/wordpress\/plugins\/seo\/ -->\n<title>Fotograf\u00eda - Grinbank Dise\u00f1o<\/title>\n<meta name=\"robots\" content=\"index, follow, max-snippet:-1, max-image-preview:large, max-video-preview:-1\" \/>\n<link rel=\"canonical\" href=\"https:\/\/grinbank.com.ar\/gwd\/portfolio\/fotografia\/\" \/>\n<meta property=\"og:locale\" content=\"es_ES\" \/>\n<meta property=\"og:type\" content=\"article\" \/>\n<meta property=\"og:title\" content=\"Fotograf\u00eda - Grinbank Dise\u00f1o\" \/>\n<meta property=\"og:url\" content=\"https:\/\/grinbank.com.ar\/gwd\/portfolio\/fotografia\/\" \/>\n<meta property=\"og:site_name\" content=\"Grinbank Dise\u00f1o\" \/>\n<meta name=\"twitter:card\" content=\"summary_large_image\" \/>\n<script type=\"application\/ld+json\" class=\"yoast-schema-graph\">{\"@context\":\"https:\/\/schema.org\",\"@graph\":[{\"@type\":\"WebPage\",\"@id\":\"https:\/\/grinbank.com.ar\/gwd\/portfolio\/fotografia\/\",\"url\":\"https:\/\/grinbank.com.ar\/gwd\/portfolio\/fotografia\/\",\"name\":\"Fotograf\u00eda - Grinbank Dise\u00f1o\",\"isPartOf\":{\"@id\":\"https:\/\/grinbank.com.ar\/gwd\/#website\"},\"datePublished\":\"2019-03-27T18:36:26+00:00\",\"breadcrumb\":{\"@id\":\"https:\/\/grinbank.com.ar\/gwd\/portfolio\/fotografia\/#breadcrumb\"},\"inLanguage\":\"es-AR\",\"potentialAction\":[{\"@type\":\"ReadAction\",\"target\":[\"https:\/\/grinbank.com.ar\/gwd\/portfolio\/fotografia\/\"]}]},{\"@type\":\"BreadcrumbList\",\"@id\":\"https:\/\/grinbank.com.ar\/gwd\/portfolio\/fotografia\/#breadcrumb\",\"itemListElement\":[{\"@type\":\"ListItem\",\"position\":1,\"name\":\"Inicio\",\"item\":\"https:\/\/grinbank.com.ar\/gwd\/\"},{\"@type\":\"ListItem\",\"position\":2,\"name\":\"Portfolio\",\"item\":\"https:\/\/grinbank.com.ar\/gwd\/portfolio\/\"},{\"@type\":\"ListItem\",\"position\":3,\"name\":\"Fotograf\u00eda\"}]},{\"@type\":\"WebSite\",\"@id\":\"https:\/\/grinbank.com.ar\/gwd\/#website\",\"url\":\"https:\/\/grinbank.com.ar\/gwd\/\",\"name\":\"Grinbank Dise\u00f1o\",\"description\":\"Dise\u00f1o Gr\u00e1fico, Web, y Community Management\",\"publisher\":{\"@id\":\"https:\/\/grinbank.com.ar\/gwd\/#organization\"},\"potentialAction\":[{\"@type\":\"SearchAction\",\"target\":{\"@type\":\"EntryPoint\",\"urlTemplate\":\"https:\/\/grinbank.com.ar\/gwd\/?s={search_term_string}\"},\"query-input\":{\"@type\":\"PropertyValueSpecification\",\"valueRequired\":true,\"valueName\":\"search_term_string\"}}],\"inLanguage\":\"es-AR\"},{\"@type\":\"Organization\",\"@id\":\"https:\/\/grinbank.com.ar\/gwd\/#organization\",\"name\":\"Grinbank Dise\u00f1o\",\"url\":\"https:\/\/grinbank.com.ar\/gwd\/\",\"logo\":{\"@type\":\"ImageObject\",\"inLanguage\":\"es-AR\",\"@id\":\"https:\/\/grinbank.com.ar\/gwd\/#\/schema\/logo\/image\/\",\"url\":\"https:\/\/grinbank.com.ar\/gwd\/wp-content\/uploads\/2020\/10\/logo6.png\",\"contentUrl\":\"https:\/\/grinbank.com.ar\/gwd\/wp-content\/uploads\/2020\/10\/logo6.png\",\"width\":250,\"height\":151,\"caption\":\"Grinbank Dise\u00f1o\"},\"image\":{\"@id\":\"https:\/\/grinbank.com.ar\/gwd\/#\/schema\/logo\/image\/\"}}]}<\/script>\n<!-- \/ Yoast SEO plugin. -->","yoast_head_json":{"title":"Fotograf\u00eda - Grinbank Dise\u00f1o","robots":{"index":"index","follow":"follow","max-snippet":"max-snippet:-1","max-image-preview":"max-image-preview:large","max-video-preview":"max-video-preview:-1"},"canonical":"https:\/\/grinbank.com.ar\/gwd\/portfolio\/fotografia\/","og_locale":"es_ES","og_type":"article","og_title":"Fotograf\u00eda - Grinbank Dise\u00f1o","og_url":"https:\/\/grinbank.com.ar\/gwd\/portfolio\/fotografia\/","og_site_name":"Grinbank Dise\u00f1o","twitter_card":"summary_large_image","schema":{"@context":"https:\/\/schema.org","@graph":[{"@type":"WebPage","@id":"https:\/\/grinbank.com.ar\/gwd\/portfolio\/fotografia\/","url":"https:\/\/grinbank.com.ar\/gwd\/portfolio\/fotografia\/","name":"Fotograf\u00eda - Grinbank Dise\u00f1o","isPartOf":{"@id":"https:\/\/grinbank.com.ar\/gwd\/#website"},"datePublished":"2019-03-27T18:36:26+00:00","breadcrumb":{"@id":"https:\/\/grinbank.com.ar\/gwd\/portfolio\/fotografia\/#breadcrumb"},"inLanguage":"es-AR","potentialAction":[{"@type":"ReadAction","target":["https:\/\/grinbank.com.ar\/gwd\/portfolio\/fotografia\/"]}]},{"@type":"BreadcrumbList","@id":"https:\/\/grinbank.com.ar\/gwd\/portfolio\/fotografia\/#breadcrumb","itemListElement":[{"@type":"ListItem","position":1,"name":"Inicio","item":"https:\/\/grinbank.com.ar\/gwd\/"},{"@type":"ListItem","position":2,"name":"Portfolio","item":"https:\/\/grinbank.com.ar\/gwd\/portfolio\/"},{"@type":"ListItem","position":3,"name":"Fotograf\u00eda"}]},{"@type":"WebSite","@id":"https:\/\/grinbank.com.ar\/gwd\/#website","url":"https:\/\/grinbank.com.ar\/gwd\/","name":"Grinbank Dise\u00f1o","description":"Dise\u00f1o Gr\u00e1fico, Web, y Community Management","publisher":{"@id":"https:\/\/grinbank.com.ar\/gwd\/#organization"},"potentialAction":[{"@type":"SearchAction","target":{"@type":"EntryPoint","urlTemplate":"https:\/\/grinbank.com.ar\/gwd\/?s={search_term_string}"},"query-input":{"@type":"PropertyValueSpecification","valueRequired":true,"valueName":"search_term_string"}}],"inLanguage":"es-AR"},{"@type":"Organization","@id":"https:\/\/grinbank.com.ar\/gwd\/#organization","name":"Grinbank Dise\u00f1o","url":"https:\/\/grinbank.com.ar\/gwd\/","logo":{"@type":"ImageObject","inLanguage":"es-AR","@id":"https:\/\/grinbank.com.ar\/gwd\/#\/schema\/logo\/image\/","url":"https:\/\/grinbank.com.ar\/gwd\/wp-content\/uploads\/2020\/10\/logo6.png","contentUrl":"https:\/\/grinbank.com.ar\/gwd\/wp-content\/uploads\/2020\/10\/logo6.png","width":250,"height":151,"caption":"Grinbank Dise\u00f1o"},"image":{"@id":"https:\/\/grinbank.com.ar\/gwd\/#\/schema\/logo\/image\/"}}]}},"_links":{"self":[{"href":"https:\/\/grinbank.com.ar\/gwd\/wp-json\/wp\/v2\/pages\/552","targetHints":{"allow":["GET"]}}],"collection":[{"href":"https:\/\/grinbank.com.ar\/gwd\/wp-json\/wp\/v2\/pages"}],"about":[{"href":"https:\/\/grinbank.com.ar\/gwd\/wp-json\/wp\/v2\/types\/page"}],"author":[{"embeddable":true,"href":"https:\/\/grinbank.com.ar\/gwd\/wp-json\/wp\/v2\/users\/1"}],"replies":[{"embeddable":true,"href":"https:\/\/grinbank.com.ar\/gwd\/wp-json\/wp\/v2\/comments?post=552"}],"version-history":[{"count":1,"href":"https:\/\/grinbank.com.ar\/gwd\/wp-json\/wp\/v2\/pages\/552\/revisions"}],"predecessor-version":[{"id":553,"href":"https:\/\/grinbank.com.ar\/gwd\/wp-json\/wp\/v2\/pages\/552\/revisions\/553"}],"up":[{"embeddable":true,"href":"https:\/\/grinbank.com.ar\/gwd\/wp-json\/wp\/v2\/pages\/346"}],"wp:attachment":[{"href":"https:\/\/grinbank.com.ar\/gwd\/wp-json\/wp\/v2\/media?parent=552"}],"curies":[{"name":"wp","href":"https:\/\/api.w.org\/{rel}","templated":true}]}}