{"id":578,"date":"2019-03-27T16:36:44","date_gmt":"2019-03-27T19:36:44","guid":{"rendered":"http:\/\/grinbank.com.ar\/gwd\/?page_id=578"},"modified":"2019-03-27T18:00:10","modified_gmt":"2019-03-27T21:00:10","slug":"edicion-de-video","status":"publish","type":"page","link":"https:\/\/grinbank.com.ar\/gwd\/portfolio\/edicion-de-video\/","title":{"rendered":"Edici\u00f3n de video"},"content":{"rendered":"<p style=\"text-align: center;\">GRAFFITO:<a href=\"https:\/\/www.facebook.com\/316190419026396\/videos\/2293381837557638\/\"><img loading=\"lazy\" decoding=\"async\" class=\"wp-image-579 alignnone aligncenter\" src=\"http:\/\/grinbank.com.ar\/gwd\/wp-content\/uploads\/2019\/03\/youtube-512.png\" alt=\"\" width=\"134\" height=\"134\" srcset=\"https:\/\/grinbank.com.ar\/gwd\/wp-content\/uploads\/2019\/03\/youtube-512.png 512w, https:\/\/grinbank.com.ar\/gwd\/wp-content\/uploads\/2019\/03\/youtube-512-150x150.png 150w, https:\/\/grinbank.com.ar\/gwd\/wp-content\/uploads\/2019\/03\/youtube-512-300x300.png 300w, https:\/\/grinbank.com.ar\/gwd\/wp-content\/uploads\/2019\/03\/youtube-512-400x400.png 400w, https:\/\/grinbank.com.ar\/gwd\/wp-content\/uploads\/2019\/03\/youtube-512-120x120.png 120w\" sizes=\"auto, (max-width: 134px) 100vw, 134px\" \/><\/a><\/p>\n<p style=\"text-align: center;\">FIXI:<a href=\"https:\/\/drive.google.com\/file\/d\/1NUSvP-GCHiZXu-uXUEKbyejkfWIreS3d\/view\"><img loading=\"lazy\" decoding=\"async\" class=\"wp-image-579 alignnone aligncenter\" src=\"http:\/\/grinbank.com.ar\/gwd\/wp-content\/uploads\/2019\/03\/youtube-512.png\" alt=\"\" width=\"134\" height=\"134\" srcset=\"https:\/\/grinbank.com.ar\/gwd\/wp-content\/uploads\/2019\/03\/youtube-512.png 512w, https:\/\/grinbank.com.ar\/gwd\/wp-content\/uploads\/2019\/03\/youtube-512-150x150.png 150w, https:\/\/grinbank.com.ar\/gwd\/wp-content\/uploads\/2019\/03\/youtube-512-300x300.png 300w, https:\/\/grinbank.com.ar\/gwd\/wp-content\/uploads\/2019\/03\/youtube-512-400x400.png 400w, https:\/\/grinbank.com.ar\/gwd\/wp-content\/uploads\/2019\/03\/youtube-512-120x120.png 120w\" sizes=\"auto, (max-width: 134px) 100vw, 134px\" \/><\/a>PING:<\/p>\n<p style=\"text-align: center;\">&nbsp;<a href=\"https:\/\/www.youtube.com\/watch?v=cyPEG0xVLS0&amp;feature=youtu.be\"><img loading=\"lazy\" decoding=\"async\" class=\"wp-image-579 alignnone\" src=\"http:\/\/grinbank.com.ar\/gwd\/wp-content\/uploads\/2019\/03\/youtube-512.png\" alt=\"\" width=\"134\" height=\"134\" srcset=\"https:\/\/grinbank.com.ar\/gwd\/wp-content\/uploads\/2019\/03\/youtube-512.png 512w, https:\/\/grinbank.com.ar\/gwd\/wp-content\/uploads\/2019\/03\/youtube-512-150x150.png 150w, https:\/\/grinbank.com.ar\/gwd\/wp-content\/uploads\/2019\/03\/youtube-512-300x300.png 300w, https:\/\/grinbank.com.ar\/gwd\/wp-content\/uploads\/2019\/03\/youtube-512-400x400.png 400w, https:\/\/grinbank.com.ar\/gwd\/wp-content\/uploads\/2019\/03\/youtube-512-120x120.png 120w\" sizes=\"auto, (max-width: 134px) 100vw, 134px\" \/>&nbsp;<\/a><\/p>\n<p style=\"text-align: center;\">VIOLENCIA DE G\u00c9NERO:<\/p>\n<p style=\"text-align: center;\">&nbsp;<a href=\"https:\/\/www.youtube.com\/watch?v=lv9Fdw_BE08\"><img loading=\"lazy\" decoding=\"async\" class=\"wp-image-579 alignnone\" src=\"http:\/\/grinbank.com.ar\/gwd\/wp-content\/uploads\/2019\/03\/youtube-512.png\" alt=\"\" width=\"134\" height=\"134\" srcset=\"https:\/\/grinbank.com.ar\/gwd\/wp-content\/uploads\/2019\/03\/youtube-512.png 512w, https:\/\/grinbank.com.ar\/gwd\/wp-content\/uploads\/2019\/03\/youtube-512-150x150.png 150w, https:\/\/grinbank.com.ar\/gwd\/wp-content\/uploads\/2019\/03\/youtube-512-300x300.png 300w, https:\/\/grinbank.com.ar\/gwd\/wp-content\/uploads\/2019\/03\/youtube-512-400x400.png 400w, https:\/\/grinbank.com.ar\/gwd\/wp-content\/uploads\/2019\/03\/youtube-512-120x120.png 120w\" sizes=\"auto, (max-width: 134px) 100vw, 134px\" \/>&nbsp;<\/a><\/p>\n<p style=\"text-align: center;\">OBSERVATORIO CULTURAL:<\/p>\n<p style=\"text-align: center;\">&nbsp;<a href=\"https:\/\/youtu.be\/vrEIdK_w4N4\"><img loading=\"lazy\" decoding=\"async\" class=\"wp-image-579 alignnone\" src=\"http:\/\/grinbank.com.ar\/gwd\/wp-content\/uploads\/2019\/03\/youtube-512.png\" alt=\"\" width=\"134\" height=\"134\" srcset=\"https:\/\/grinbank.com.ar\/gwd\/wp-content\/uploads\/2019\/03\/youtube-512.png 512w, https:\/\/grinbank.com.ar\/gwd\/wp-content\/uploads\/2019\/03\/youtube-512-150x150.png 150w, https:\/\/grinbank.com.ar\/gwd\/wp-content\/uploads\/2019\/03\/youtube-512-300x300.png 300w, https:\/\/grinbank.com.ar\/gwd\/wp-content\/uploads\/2019\/03\/youtube-512-400x400.png 400w, https:\/\/grinbank.com.ar\/gwd\/wp-content\/uploads\/2019\/03\/youtube-512-120x120.png 120w\" sizes=\"auto, (max-width: 134px) 100vw, 134px\" \/>&nbsp;<\/a>&nbsp;<\/p>\n<p style=\"text-align: center;\">SONIDOS GR\u00c1FICOS:<\/p>\n<p style=\"text-align: center;\"><a href=\"https:\/\/youtu.be\/5vQB964FG60\"><img loading=\"lazy\" decoding=\"async\" class=\"wp-image-579 alignnone\" src=\"http:\/\/grinbank.com.ar\/gwd\/wp-content\/uploads\/2019\/03\/youtube-512.png\" alt=\"\" width=\"134\" height=\"134\" srcset=\"https:\/\/grinbank.com.ar\/gwd\/wp-content\/uploads\/2019\/03\/youtube-512.png 512w, https:\/\/grinbank.com.ar\/gwd\/wp-content\/uploads\/2019\/03\/youtube-512-150x150.png 150w, https:\/\/grinbank.com.ar\/gwd\/wp-content\/uploads\/2019\/03\/youtube-512-300x300.png 300w, https:\/\/grinbank.com.ar\/gwd\/wp-content\/uploads\/2019\/03\/youtube-512-400x400.png 400w, https:\/\/grinbank.com.ar\/gwd\/wp-content\/uploads\/2019\/03\/youtube-512-120x120.png 120w\" sizes=\"auto, (max-width: 134px) 100vw, 134px\" \/><\/a><\/p>\n","protected":false},"excerpt":{"rendered":"<p>GRAFFITO: FIXI:PING: &nbsp;&nbsp; VIOLENCIA DE G\u00c9NERO: &nbsp;&nbsp; OBSERVATORIO CULTURAL: &nbsp;&nbsp;&nbsp; SONIDOS GR\u00c1FICOS:<\/p>\n","protected":false},"author":1,"featured_media":0,"parent":346,"menu_order":0,"comment_status":"closed","ping_status":"closed","template":"","meta":{"ngg_post_thumbnail":0,"footnotes":""},"class_list":["post-578","page","type-page","status-publish","hentry"],"yoast_head":"<!-- This site is optimized with the Yoast SEO plugin v25.4 - https:\/\/yoast.com\/wordpress\/plugins\/seo\/ -->\n<title>Edici\u00f3n de video - Grinbank Dise\u00f1o<\/title>\n<meta name=\"robots\" content=\"index, follow, max-snippet:-1, max-image-preview:large, max-video-preview:-1\" \/>\n<link rel=\"canonical\" href=\"https:\/\/grinbank.com.ar\/gwd\/portfolio\/edicion-de-video\/\" \/>\n<meta property=\"og:locale\" content=\"es_ES\" \/>\n<meta property=\"og:type\" content=\"article\" \/>\n<meta property=\"og:title\" content=\"Edici\u00f3n de video - Grinbank Dise\u00f1o\" \/>\n<meta property=\"og:description\" content=\"GRAFFITO: FIXI:PING: &nbsp;&nbsp; VIOLENCIA DE G\u00c9NERO: &nbsp;&nbsp; OBSERVATORIO CULTURAL: &nbsp;&nbsp;&nbsp; SONIDOS GR\u00c1FICOS:\" \/>\n<meta property=\"og:url\" content=\"https:\/\/grinbank.com.ar\/gwd\/portfolio\/edicion-de-video\/\" \/>\n<meta property=\"og:site_name\" content=\"Grinbank Dise\u00f1o\" \/>\n<meta property=\"article:modified_time\" content=\"2019-03-27T21:00:10+00:00\" \/>\n<meta property=\"og:image\" content=\"https:\/\/grinbank.com.ar\/gwd\/wp-content\/uploads\/2019\/03\/youtube-512.png\" \/>\n\t<meta property=\"og:image:width\" content=\"512\" \/>\n\t<meta property=\"og:image:height\" content=\"512\" \/>\n\t<meta property=\"og:image:type\" content=\"image\/png\" \/>\n<meta name=\"twitter:card\" content=\"summary_large_image\" \/>\n<script type=\"application\/ld+json\" class=\"yoast-schema-graph\">{\"@context\":\"https:\/\/schema.org\",\"@graph\":[{\"@type\":\"WebPage\",\"@id\":\"https:\/\/grinbank.com.ar\/gwd\/portfolio\/edicion-de-video\/\",\"url\":\"https:\/\/grinbank.com.ar\/gwd\/portfolio\/edicion-de-video\/\",\"name\":\"Edici\u00f3n de video - Grinbank Dise\u00f1o\",\"isPartOf\":{\"@id\":\"https:\/\/grinbank.com.ar\/gwd\/#website\"},\"primaryImageOfPage\":{\"@id\":\"https:\/\/grinbank.com.ar\/gwd\/portfolio\/edicion-de-video\/#primaryimage\"},\"image\":{\"@id\":\"https:\/\/grinbank.com.ar\/gwd\/portfolio\/edicion-de-video\/#primaryimage\"},\"thumbnailUrl\":\"http:\/\/grinbank.com.ar\/gwd\/wp-content\/uploads\/2019\/03\/youtube-512.png\",\"datePublished\":\"2019-03-27T19:36:44+00:00\",\"dateModified\":\"2019-03-27T21:00:10+00:00\",\"breadcrumb\":{\"@id\":\"https:\/\/grinbank.com.ar\/gwd\/portfolio\/edicion-de-video\/#breadcrumb\"},\"inLanguage\":\"es-AR\",\"potentialAction\":[{\"@type\":\"ReadAction\",\"target\":[\"https:\/\/grinbank.com.ar\/gwd\/portfolio\/edicion-de-video\/\"]}]},{\"@type\":\"ImageObject\",\"inLanguage\":\"es-AR\",\"@id\":\"https:\/\/grinbank.com.ar\/gwd\/portfolio\/edicion-de-video\/#primaryimage\",\"url\":\"http:\/\/grinbank.com.ar\/gwd\/wp-content\/uploads\/2019\/03\/youtube-512.png\",\"contentUrl\":\"http:\/\/grinbank.com.ar\/gwd\/wp-content\/uploads\/2019\/03\/youtube-512.png\"},{\"@type\":\"BreadcrumbList\",\"@id\":\"https:\/\/grinbank.com.ar\/gwd\/portfolio\/edicion-de-video\/#breadcrumb\",\"itemListElement\":[{\"@type\":\"ListItem\",\"position\":1,\"name\":\"Inicio\",\"item\":\"https:\/\/grinbank.com.ar\/gwd\/\"},{\"@type\":\"ListItem\",\"position\":2,\"name\":\"Portfolio\",\"item\":\"https:\/\/grinbank.com.ar\/gwd\/portfolio\/\"},{\"@type\":\"ListItem\",\"position\":3,\"name\":\"Edici\u00f3n de video\"}]},{\"@type\":\"WebSite\",\"@id\":\"https:\/\/grinbank.com.ar\/gwd\/#website\",\"url\":\"https:\/\/grinbank.com.ar\/gwd\/\",\"name\":\"Grinbank Dise\u00f1o\",\"description\":\"Dise\u00f1o Gr\u00e1fico, Web, y Community Management\",\"publisher\":{\"@id\":\"https:\/\/grinbank.com.ar\/gwd\/#organization\"},\"potentialAction\":[{\"@type\":\"SearchAction\",\"target\":{\"@type\":\"EntryPoint\",\"urlTemplate\":\"https:\/\/grinbank.com.ar\/gwd\/?s={search_term_string}\"},\"query-input\":{\"@type\":\"PropertyValueSpecification\",\"valueRequired\":true,\"valueName\":\"search_term_string\"}}],\"inLanguage\":\"es-AR\"},{\"@type\":\"Organization\",\"@id\":\"https:\/\/grinbank.com.ar\/gwd\/#organization\",\"name\":\"Grinbank Dise\u00f1o\",\"url\":\"https:\/\/grinbank.com.ar\/gwd\/\",\"logo\":{\"@type\":\"ImageObject\",\"inLanguage\":\"es-AR\",\"@id\":\"https:\/\/grinbank.com.ar\/gwd\/#\/schema\/logo\/image\/\",\"url\":\"https:\/\/grinbank.com.ar\/gwd\/wp-content\/uploads\/2020\/10\/logo6.png\",\"contentUrl\":\"https:\/\/grinbank.com.ar\/gwd\/wp-content\/uploads\/2020\/10\/logo6.png\",\"width\":250,\"height\":151,\"caption\":\"Grinbank Dise\u00f1o\"},\"image\":{\"@id\":\"https:\/\/grinbank.com.ar\/gwd\/#\/schema\/logo\/image\/\"}}]}<\/script>\n<!-- \/ Yoast SEO plugin. -->","yoast_head_json":{"title":"Edici\u00f3n de video - Grinbank Dise\u00f1o","robots":{"index":"index","follow":"follow","max-snippet":"max-snippet:-1","max-image-preview":"max-image-preview:large","max-video-preview":"max-video-preview:-1"},"canonical":"https:\/\/grinbank.com.ar\/gwd\/portfolio\/edicion-de-video\/","og_locale":"es_ES","og_type":"article","og_title":"Edici\u00f3n de video - Grinbank Dise\u00f1o","og_description":"GRAFFITO: FIXI:PING: &nbsp;&nbsp; VIOLENCIA DE G\u00c9NERO: &nbsp;&nbsp; OBSERVATORIO CULTURAL: &nbsp;&nbsp;&nbsp; SONIDOS GR\u00c1FICOS:","og_url":"https:\/\/grinbank.com.ar\/gwd\/portfolio\/edicion-de-video\/","og_site_name":"Grinbank Dise\u00f1o","article_modified_time":"2019-03-27T21:00:10+00:00","og_image":[{"width":512,"height":512,"url":"https:\/\/grinbank.com.ar\/gwd\/wp-content\/uploads\/2019\/03\/youtube-512.png","type":"image\/png"}],"twitter_card":"summary_large_image","schema":{"@context":"https:\/\/schema.org","@graph":[{"@type":"WebPage","@id":"https:\/\/grinbank.com.ar\/gwd\/portfolio\/edicion-de-video\/","url":"https:\/\/grinbank.com.ar\/gwd\/portfolio\/edicion-de-video\/","name":"Edici\u00f3n de video - Grinbank Dise\u00f1o","isPartOf":{"@id":"https:\/\/grinbank.com.ar\/gwd\/#website"},"primaryImageOfPage":{"@id":"https:\/\/grinbank.com.ar\/gwd\/portfolio\/edicion-de-video\/#primaryimage"},"image":{"@id":"https:\/\/grinbank.com.ar\/gwd\/portfolio\/edicion-de-video\/#primaryimage"},"thumbnailUrl":"http:\/\/grinbank.com.ar\/gwd\/wp-content\/uploads\/2019\/03\/youtube-512.png","datePublished":"2019-03-27T19:36:44+00:00","dateModified":"2019-03-27T21:00:10+00:00","breadcrumb":{"@id":"https:\/\/grinbank.com.ar\/gwd\/portfolio\/edicion-de-video\/#breadcrumb"},"inLanguage":"es-AR","potentialAction":[{"@type":"ReadAction","target":["https:\/\/grinbank.com.ar\/gwd\/portfolio\/edicion-de-video\/"]}]},{"@type":"ImageObject","inLanguage":"es-AR","@id":"https:\/\/grinbank.com.ar\/gwd\/portfolio\/edicion-de-video\/#primaryimage","url":"http:\/\/grinbank.com.ar\/gwd\/wp-content\/uploads\/2019\/03\/youtube-512.png","contentUrl":"http:\/\/grinbank.com.ar\/gwd\/wp-content\/uploads\/2019\/03\/youtube-512.png"},{"@type":"BreadcrumbList","@id":"https:\/\/grinbank.com.ar\/gwd\/portfolio\/edicion-de-video\/#breadcrumb","itemListElement":[{"@type":"ListItem","position":1,"name":"Inicio","item":"https:\/\/grinbank.com.ar\/gwd\/"},{"@type":"ListItem","position":2,"name":"Portfolio","item":"https:\/\/grinbank.com.ar\/gwd\/portfolio\/"},{"@type":"ListItem","position":3,"name":"Edici\u00f3n de video"}]},{"@type":"WebSite","@id":"https:\/\/grinbank.com.ar\/gwd\/#website","url":"https:\/\/grinbank.com.ar\/gwd\/","name":"Grinbank Dise\u00f1o","description":"Dise\u00f1o Gr\u00e1fico, Web, y Community Management","publisher":{"@id":"https:\/\/grinbank.com.ar\/gwd\/#organization"},"potentialAction":[{"@type":"SearchAction","target":{"@type":"EntryPoint","urlTemplate":"https:\/\/grinbank.com.ar\/gwd\/?s={search_term_string}"},"query-input":{"@type":"PropertyValueSpecification","valueRequired":true,"valueName":"search_term_string"}}],"inLanguage":"es-AR"},{"@type":"Organization","@id":"https:\/\/grinbank.com.ar\/gwd\/#organization","name":"Grinbank Dise\u00f1o","url":"https:\/\/grinbank.com.ar\/gwd\/","logo":{"@type":"ImageObject","inLanguage":"es-AR","@id":"https:\/\/grinbank.com.ar\/gwd\/#\/schema\/logo\/image\/","url":"https:\/\/grinbank.com.ar\/gwd\/wp-content\/uploads\/2020\/10\/logo6.png","contentUrl":"https:\/\/grinbank.com.ar\/gwd\/wp-content\/uploads\/2020\/10\/logo6.png","width":250,"height":151,"caption":"Grinbank Dise\u00f1o"},"image":{"@id":"https:\/\/grinbank.com.ar\/gwd\/#\/schema\/logo\/image\/"}}]}},"_links":{"self":[{"href":"https:\/\/grinbank.com.ar\/gwd\/wp-json\/wp\/v2\/pages\/578","targetHints":{"allow":["GET"]}}],"collection":[{"href":"https:\/\/grinbank.com.ar\/gwd\/wp-json\/wp\/v2\/pages"}],"about":[{"href":"https:\/\/grinbank.com.ar\/gwd\/wp-json\/wp\/v2\/types\/page"}],"author":[{"embeddable":true,"href":"https:\/\/grinbank.com.ar\/gwd\/wp-json\/wp\/v2\/users\/1"}],"replies":[{"embeddable":true,"href":"https:\/\/grinbank.com.ar\/gwd\/wp-json\/wp\/v2\/comments?post=578"}],"version-history":[{"count":6,"href":"https:\/\/grinbank.com.ar\/gwd\/wp-json\/wp\/v2\/pages\/578\/revisions"}],"predecessor-version":[{"id":599,"href":"https:\/\/grinbank.com.ar\/gwd\/wp-json\/wp\/v2\/pages\/578\/revisions\/599"}],"up":[{"embeddable":true,"href":"https:\/\/grinbank.com.ar\/gwd\/wp-json\/wp\/v2\/pages\/346"}],"wp:attachment":[{"href":"https:\/\/grinbank.com.ar\/gwd\/wp-json\/wp\/v2\/media?parent=578"}],"curies":[{"name":"wp","href":"https:\/\/api.w.org\/{rel}","templated":true}]}}